{"id":1722,"date":"2024-08-12T13:19:53","date_gmt":"2024-08-12T11:19:53","guid":{"rendered":"https:\/\/fahrtauglich.ch\/?post_type=product&#038;p=1722"},"modified":"2024-12-05T18:00:31","modified_gmt":"2024-12-05T17:00:31","slug":"meine-vorbereitung-auf-den-fahrtauglichkeitstest-im-alter","status":"publish","type":"product","link":"https:\/\/fahrtauglich.ch\/fr\/buchshop\/meine-vorbereitung-auf-den-fahrtauglichkeitstest-im-alter\/","title":{"rendered":"Ma pr\u00e9paration au test d'aptitude \u00e0 la conduite \u00e0 un \u00e2ge avanc\u00e9"},"content":{"rendered":"<p>Dans ce guide complet, vous trouverez des strat\u00e9gies \u00e9prouv\u00e9es et des exercices pratiques sp\u00e9cialement con\u00e7us pour approfondir votre compr\u00e9hension de la partie psychologique du test d'aptitude \u00e0 la conduite r\u00e9gulier (niveau 1). Avec des formats de test efficaces et des conseils pr\u00e9cieux sur la mani\u00e8re de surmonter la peur de l'examen et de renforcer votre capacit\u00e9 de r\u00e9flexion de mani\u00e8re cibl\u00e9e, ce livre offre bien plus qu'une simple pr\u00e9paration \u00e0 l'examen. Il vous aide \u00e0 d\u00e9velopper votre agilit\u00e9 mentale au quotidien.<\/p>\n<p>Le livre de poche a une couverture agr\u00e9able et \u00e9l\u00e9gante. Les pages sont en papier typographique de haute qualit\u00e9. Les caract\u00e8res sont grands et contrast\u00e9s, ce qui am\u00e9liore nettement la lisibilit\u00e9.<\/p>","protected":false},"excerpt":{"rendered":"<p>Dieser Leitfaden bietet gezielte Strategien und \u00dcbungen zur Vorbereitung auf den psychologischen Teil des Fahrtauglichkeitstests, unterst\u00fctzt den Umgang mit Pr\u00fcfungsangst und f\u00f6rdert die geistige Beweglichkeit.<\/p>","protected":false},"featured_media":3041,"template":"","meta":{"content-type":"","iawp_total_views":2577},"product_brand":[],"product_cat":[47],"product_tag":[],"class_list":{"0":"post-1722","1":"product","2":"type-product","3":"status-publish","4":"has-post-thumbnail","6":"product_cat-physical","8":"first","9":"instock","10":"shipping-taxable","11":"purchasable","12":"product-type-simple"},"yoast_head":"<!-- This site is optimized with the Yoast SEO plugin v27.3 - https:\/\/yoast.com\/product\/yoast-seo-wordpress\/ -->\n<title>Meine Vorbereitung auf den Fahrtauglichkeitstest im Alter - Fahrtauglich<\/title>\n<meta name=\"description\" content=\"Bereiten Sie sich mit praxisnahen \u00dcbungen und klaren Erkl\u00e4rungen auf die Fahrtauglichkeitspr\u00fcfung ab 75 Jahren (Stufe 1) vor.\" \/>\n<meta name=\"robots\" content=\"index, follow, max-snippet:-1, max-image-preview:large, max-video-preview:-1\" \/>\n<link rel=\"canonical\" href=\"https:\/\/fahrtauglich.ch\/fr\/buchshop\/meine-vorbereitung-auf-den-fahrtauglichkeitstest-im-alter\/\" \/>\n<meta property=\"og:locale\" content=\"fr_FR\" \/>\n<meta property=\"og:type\" content=\"article\" \/>\n<meta property=\"og:title\" content=\"Meine Vorbereitung auf den Fahrtauglichkeitstest im Alter - Fahrtauglich\" \/>\n<meta property=\"og:description\" content=\"Bereiten Sie sich mit praxisnahen \u00dcbungen und klaren Erkl\u00e4rungen auf die Fahrtauglichkeitspr\u00fcfung ab 75 Jahren (Stufe 1) vor.\" \/>\n<meta property=\"og:url\" content=\"https:\/\/fahrtauglich.ch\/fr\/buchshop\/meine-vorbereitung-auf-den-fahrtauglichkeitstest-im-alter\/\" \/>\n<meta property=\"og:site_name\" content=\"Fahrtauglich\" \/>\n<meta property=\"article:modified_time\" content=\"2024-12-05T17:00:31+00:00\" \/>\n<meta property=\"og:image\" content=\"https:\/\/fahrtauglich.ch\/wp-content\/uploads\/2024\/08\/Herosection-Buch-1.png\" \/>\n\t<meta property=\"og:image:width\" content=\"1333\" \/>\n\t<meta property=\"og:image:height\" content=\"2000\" \/>\n\t<meta property=\"og:image:type\" content=\"image\/png\" \/>\n<meta name=\"twitter:card\" content=\"summary_large_image\" \/>\n<meta name=\"twitter:label1\" content=\"Dur\u00e9e de lecture estim\u00e9e\" \/>\n\t<meta name=\"twitter:data1\" content=\"1 minute\" \/>\n<script type=\"application\/ld+json\" class=\"yoast-schema-graph\">{\"@context\":\"https:\\\/\\\/schema.org\",\"@graph\":[{\"@type\":\"WebPage\",\"@id\":\"https:\\\/\\\/fahrtauglich.ch\\\/buchshop\\\/meine-vorbereitung-auf-den-fahrtauglichkeitstest-im-alter\\\/\",\"url\":\"https:\\\/\\\/fahrtauglich.ch\\\/buchshop\\\/meine-vorbereitung-auf-den-fahrtauglichkeitstest-im-alter\\\/\",\"name\":\"Meine Vorbereitung auf den Fahrtauglichkeitstest im Alter - Fahrtauglich\",\"isPartOf\":{\"@id\":\"https:\\\/\\\/fahrtauglich.ch\\\/#website\"},\"primaryImageOfPage\":{\"@id\":\"https:\\\/\\\/fahrtauglich.ch\\\/buchshop\\\/meine-vorbereitung-auf-den-fahrtauglichkeitstest-im-alter\\\/#primaryimage\"},\"image\":{\"@id\":\"https:\\\/\\\/fahrtauglich.ch\\\/buchshop\\\/meine-vorbereitung-auf-den-fahrtauglichkeitstest-im-alter\\\/#primaryimage\"},\"thumbnailUrl\":\"https:\\\/\\\/fahrtauglich.ch\\\/wp-content\\\/uploads\\\/2024\\\/08\\\/Herosection-Buch-1.png\",\"datePublished\":\"2024-08-12T11:19:53+00:00\",\"dateModified\":\"2024-12-05T17:00:31+00:00\",\"description\":\"Bereiten Sie sich mit praxisnahen \u00dcbungen und klaren Erkl\u00e4rungen auf die Fahrtauglichkeitspr\u00fcfung ab 75 Jahren (Stufe 1) vor.\",\"breadcrumb\":{\"@id\":\"https:\\\/\\\/fahrtauglich.ch\\\/buchshop\\\/meine-vorbereitung-auf-den-fahrtauglichkeitstest-im-alter\\\/#breadcrumb\"},\"inLanguage\":\"fr-FR\",\"potentialAction\":[{\"@type\":\"ReadAction\",\"target\":[\"https:\\\/\\\/fahrtauglich.ch\\\/buchshop\\\/meine-vorbereitung-auf-den-fahrtauglichkeitstest-im-alter\\\/\"]}]},{\"@type\":\"ImageObject\",\"inLanguage\":\"fr-FR\",\"@id\":\"https:\\\/\\\/fahrtauglich.ch\\\/buchshop\\\/meine-vorbereitung-auf-den-fahrtauglichkeitstest-im-alter\\\/#primaryimage\",\"url\":\"https:\\\/\\\/fahrtauglich.ch\\\/wp-content\\\/uploads\\\/2024\\\/08\\\/Herosection-Buch-1.png\",\"contentUrl\":\"https:\\\/\\\/fahrtauglich.ch\\\/wp-content\\\/uploads\\\/2024\\\/08\\\/Herosection-Buch-1.png\",\"width\":1333,\"height\":2000,\"caption\":\"Herosection Buch\"},{\"@type\":\"BreadcrumbList\",\"@id\":\"https:\\\/\\\/fahrtauglich.ch\\\/buchshop\\\/meine-vorbereitung-auf-den-fahrtauglichkeitstest-im-alter\\\/#breadcrumb\",\"itemListElement\":[{\"@type\":\"ListItem\",\"position\":1,\"name\":\"Startseite\",\"item\":\"https:\\\/\\\/fahrtauglich.ch\\\/\"},{\"@type\":\"ListItem\",\"position\":2,\"name\":\"Produkte\",\"item\":\"https:\\\/\\\/fahrtauglich.ch\\\/shop\\\/\"},{\"@type\":\"ListItem\",\"position\":3,\"name\":\"Meine Vorbereitung auf den Fahrtauglichkeitstest im Alter\"}]},{\"@type\":\"WebSite\",\"@id\":\"https:\\\/\\\/fahrtauglich.ch\\\/#website\",\"url\":\"https:\\\/\\\/fahrtauglich.ch\\\/\",\"name\":\"Fahrtauglich\",\"description\":\"\",\"publisher\":{\"@id\":\"https:\\\/\\\/fahrtauglich.ch\\\/#organization\"},\"potentialAction\":[{\"@type\":\"SearchAction\",\"target\":{\"@type\":\"EntryPoint\",\"urlTemplate\":\"https:\\\/\\\/fahrtauglich.ch\\\/?s={search_term_string}\"},\"query-input\":{\"@type\":\"PropertyValueSpecification\",\"valueRequired\":true,\"valueName\":\"search_term_string\"}}],\"inLanguage\":\"fr-FR\"},{\"@type\":\"Organization\",\"@id\":\"https:\\\/\\\/fahrtauglich.ch\\\/#organization\",\"name\":\"Fahrtauglich\",\"url\":\"https:\\\/\\\/fahrtauglich.ch\\\/\",\"logo\":{\"@type\":\"ImageObject\",\"inLanguage\":\"fr-FR\",\"@id\":\"https:\\\/\\\/fahrtauglich.ch\\\/#\\\/schema\\\/logo\\\/image\\\/\",\"url\":\"https:\\\/\\\/fahrtauglich.ch\\\/wp-content\\\/uploads\\\/2024\\\/08\\\/cropped-Logo-2.jpg\",\"contentUrl\":\"https:\\\/\\\/fahrtauglich.ch\\\/wp-content\\\/uploads\\\/2024\\\/08\\\/cropped-Logo-2.jpg\",\"width\":307,\"height\":188,\"caption\":\"Fahrtauglich\"},\"image\":{\"@id\":\"https:\\\/\\\/fahrtauglich.ch\\\/#\\\/schema\\\/logo\\\/image\\\/\"}}]}<\/script>\n<!-- \/ Yoast SEO plugin. -->","yoast_head_json":{"title":"Meine Vorbereitung auf den Fahrtauglichkeitstest im Alter - Fahrtauglich","description":"Bereiten Sie sich mit praxisnahen \u00dcbungen und klaren Erkl\u00e4rungen auf die Fahrtauglichkeitspr\u00fcfung ab 75 Jahren (Stufe 1) vor.","robots":{"index":"index","follow":"follow","max-snippet":"max-snippet:-1","max-image-preview":"max-image-preview:large","max-video-preview":"max-video-preview:-1"},"canonical":"https:\/\/fahrtauglich.ch\/fr\/buchshop\/meine-vorbereitung-auf-den-fahrtauglichkeitstest-im-alter\/","og_locale":"fr_FR","og_type":"article","og_title":"Meine Vorbereitung auf den Fahrtauglichkeitstest im Alter - Fahrtauglich","og_description":"Bereiten Sie sich mit praxisnahen \u00dcbungen und klaren Erkl\u00e4rungen auf die Fahrtauglichkeitspr\u00fcfung ab 75 Jahren (Stufe 1) vor.","og_url":"https:\/\/fahrtauglich.ch\/fr\/buchshop\/meine-vorbereitung-auf-den-fahrtauglichkeitstest-im-alter\/","og_site_name":"Fahrtauglich","article_modified_time":"2024-12-05T17:00:31+00:00","og_image":[{"width":1333,"height":2000,"url":"https:\/\/fahrtauglich.ch\/wp-content\/uploads\/2024\/08\/Herosection-Buch-1.png","type":"image\/png"}],"twitter_card":"summary_large_image","twitter_misc":{"Dur\u00e9e de lecture estim\u00e9e":"1 minute"},"schema":{"@context":"https:\/\/schema.org","@graph":[{"@type":"WebPage","@id":"https:\/\/fahrtauglich.ch\/buchshop\/meine-vorbereitung-auf-den-fahrtauglichkeitstest-im-alter\/","url":"https:\/\/fahrtauglich.ch\/buchshop\/meine-vorbereitung-auf-den-fahrtauglichkeitstest-im-alter\/","name":"Meine Vorbereitung auf den Fahrtauglichkeitstest im Alter - Fahrtauglich","isPartOf":{"@id":"https:\/\/fahrtauglich.ch\/#website"},"primaryImageOfPage":{"@id":"https:\/\/fahrtauglich.ch\/buchshop\/meine-vorbereitung-auf-den-fahrtauglichkeitstest-im-alter\/#primaryimage"},"image":{"@id":"https:\/\/fahrtauglich.ch\/buchshop\/meine-vorbereitung-auf-den-fahrtauglichkeitstest-im-alter\/#primaryimage"},"thumbnailUrl":"https:\/\/fahrtauglich.ch\/wp-content\/uploads\/2024\/08\/Herosection-Buch-1.png","datePublished":"2024-08-12T11:19:53+00:00","dateModified":"2024-12-05T17:00:31+00:00","description":"Bereiten Sie sich mit praxisnahen \u00dcbungen und klaren Erkl\u00e4rungen auf die Fahrtauglichkeitspr\u00fcfung ab 75 Jahren (Stufe 1) vor.","breadcrumb":{"@id":"https:\/\/fahrtauglich.ch\/buchshop\/meine-vorbereitung-auf-den-fahrtauglichkeitstest-im-alter\/#breadcrumb"},"inLanguage":"fr-FR","potentialAction":[{"@type":"ReadAction","target":["https:\/\/fahrtauglich.ch\/buchshop\/meine-vorbereitung-auf-den-fahrtauglichkeitstest-im-alter\/"]}]},{"@type":"ImageObject","inLanguage":"fr-FR","@id":"https:\/\/fahrtauglich.ch\/buchshop\/meine-vorbereitung-auf-den-fahrtauglichkeitstest-im-alter\/#primaryimage","url":"https:\/\/fahrtauglich.ch\/wp-content\/uploads\/2024\/08\/Herosection-Buch-1.png","contentUrl":"https:\/\/fahrtauglich.ch\/wp-content\/uploads\/2024\/08\/Herosection-Buch-1.png","width":1333,"height":2000,"caption":"Herosection Buch"},{"@type":"BreadcrumbList","@id":"https:\/\/fahrtauglich.ch\/buchshop\/meine-vorbereitung-auf-den-fahrtauglichkeitstest-im-alter\/#breadcrumb","itemListElement":[{"@type":"ListItem","position":1,"name":"Startseite","item":"https:\/\/fahrtauglich.ch\/"},{"@type":"ListItem","position":2,"name":"Produkte","item":"https:\/\/fahrtauglich.ch\/shop\/"},{"@type":"ListItem","position":3,"name":"Meine Vorbereitung auf den Fahrtauglichkeitstest im Alter"}]},{"@type":"WebSite","@id":"https:\/\/fahrtauglich.ch\/#website","url":"https:\/\/fahrtauglich.ch\/","name":"Fahrtauglich","description":"","publisher":{"@id":"https:\/\/fahrtauglich.ch\/#organization"},"potentialAction":[{"@type":"SearchAction","target":{"@type":"EntryPoint","urlTemplate":"https:\/\/fahrtauglich.ch\/?s={search_term_string}"},"query-input":{"@type":"PropertyValueSpecification","valueRequired":true,"valueName":"search_term_string"}}],"inLanguage":"fr-FR"},{"@type":"Organization","@id":"https:\/\/fahrtauglich.ch\/#organization","name":"Fahrtauglich","url":"https:\/\/fahrtauglich.ch\/","logo":{"@type":"ImageObject","inLanguage":"fr-FR","@id":"https:\/\/fahrtauglich.ch\/#\/schema\/logo\/image\/","url":"https:\/\/fahrtauglich.ch\/wp-content\/uploads\/2024\/08\/cropped-Logo-2.jpg","contentUrl":"https:\/\/fahrtauglich.ch\/wp-content\/uploads\/2024\/08\/cropped-Logo-2.jpg","width":307,"height":188,"caption":"Fahrtauglich"},"image":{"@id":"https:\/\/fahrtauglich.ch\/#\/schema\/logo\/image\/"}}]}},"jetpack_sharing_enabled":true,"_links":{"self":[{"href":"https:\/\/fahrtauglich.ch\/fr\/wp-json\/wp\/v2\/product\/1722","targetHints":{"allow":["GET"]}}],"collection":[{"href":"https:\/\/fahrtauglich.ch\/fr\/wp-json\/wp\/v2\/product"}],"about":[{"href":"https:\/\/fahrtauglich.ch\/fr\/wp-json\/wp\/v2\/types\/product"}],"wp:featuredmedia":[{"embeddable":true,"href":"https:\/\/fahrtauglich.ch\/fr\/wp-json\/wp\/v2\/media\/3041"}],"wp:attachment":[{"href":"https:\/\/fahrtauglich.ch\/fr\/wp-json\/wp\/v2\/media?parent=1722"}],"wp:term":[{"taxonomy":"product_brand","embeddable":true,"href":"https:\/\/fahrtauglich.ch\/fr\/wp-json\/wp\/v2\/product_brand?post=1722"},{"taxonomy":"product_cat","embeddable":true,"href":"https:\/\/fahrtauglich.ch\/fr\/wp-json\/wp\/v2\/product_cat?post=1722"},{"taxonomy":"product_tag","embeddable":true,"href":"https:\/\/fahrtauglich.ch\/fr\/wp-json\/wp\/v2\/product_tag?post=1722"}],"curies":[{"name":"wp","href":"https:\/\/api.w.org\/{rel}","templated":true}]}}