{"id":4764,"date":"2024-11-26T12:41:03","date_gmt":"2024-11-26T11:41:03","guid":{"rendered":"https:\/\/fahrtauglich.ch\/?page_id=4764"},"modified":"2024-11-30T21:38:05","modified_gmt":"2024-11-30T20:38:05","slug":"train-my-brain-magazin-band-1","status":"publish","type":"page","link":"https:\/\/fahrtauglich.ch\/fr\/train-my-brain-magazin-band-1\/","title":{"rendered":"Train My Brain Magazin Band 1"},"content":{"rendered":"<div data-elementor-type=\"wp-page\" data-elementor-id=\"4764\" class=\"elementor elementor-4764\" data-elementor-post-type=\"page\">\n\t\t\t\t<div class=\"elementor-element elementor-element-d88dcc3 e-flex e-con-boxed e-con e-parent\" data-id=\"d88dcc3\" data-element_type=\"container\" data-e-type=\"container\">\n\t\t\t\t\t<div class=\"e-con-inner\">\n\t\t\t\t<div class=\"elementor-element elementor-element-2a2b3ef elementor-widget elementor-widget-heading\" data-id=\"2a2b3ef\" data-element_type=\"widget\" data-e-type=\"widget\" data-widget_type=\"heading.default\">\n\t\t\t\t<div class=\"elementor-widget-container\">\n\t\t\t\t\t<h2 class=\"elementor-heading-title elementor-size-default\">Train My Brain Magazin \u2013 Band 1<\/h2>\t\t\t\t<\/div>\n\t\t\t\t<\/div>\n\t\t\t\t<div class=\"elementor-element elementor-element-131a9bf elementor-widget elementor-widget-text-editor\" data-id=\"131a9bf\" data-element_type=\"widget\" data-e-type=\"widget\" data-widget_type=\"text-editor.default\">\n\t\t\t\t<div class=\"elementor-widget-container\">\n\t\t\t\t\t\t\t\t\t<p>Gratis Exemplar f\u00fcr Newsletter-Abonennten<\/p>\t\t\t\t\t\t\t\t<\/div>\n\t\t\t\t<\/div>\n\t\t\t\t<div class=\"elementor-element elementor-element-29aad2e elementor-widget elementor-widget-image\" data-id=\"29aad2e\" data-element_type=\"widget\" data-e-type=\"widget\" data-widget_type=\"image.default\">\n\t\t\t\t<div class=\"elementor-widget-container\">\n\t\t\t\t\t\t\t\t\t\t\t\t\t\t\t<img fetchpriority=\"high\" decoding=\"async\" width=\"768\" height=\"430\" src=\"https:\/\/fahrtauglich.ch\/wp-content\/uploads\/2024\/11\/mediamodifier_image-e1732380064193-768x430.jpeg\" class=\"attachment-medium_large size-medium_large wp-image-4687\" alt=\"Train My Brain Magazin Band 1\" srcset=\"https:\/\/fahrtauglich.ch\/wp-content\/uploads\/2024\/11\/mediamodifier_image-e1732380064193-768x430.jpeg 768w, https:\/\/fahrtauglich.ch\/wp-content\/uploads\/2024\/11\/mediamodifier_image-e1732380064193-300x168.jpeg 300w, https:\/\/fahrtauglich.ch\/wp-content\/uploads\/2024\/11\/mediamodifier_image-e1732380064193-1024x573.jpeg 1024w, https:\/\/fahrtauglich.ch\/wp-content\/uploads\/2024\/11\/mediamodifier_image-e1732380064193-1536x860.jpeg 1536w, https:\/\/fahrtauglich.ch\/wp-content\/uploads\/2024\/11\/mediamodifier_image-e1732380064193-2048x1147.jpeg 2048w, https:\/\/fahrtauglich.ch\/wp-content\/uploads\/2024\/11\/mediamodifier_image-e1732380064193-600x336.jpeg 600w\" sizes=\"(max-width: 768px) 100vw, 768px\" \/>\t\t\t\t\t\t\t\t\t\t\t\t\t\t\t<\/div>\n\t\t\t\t<\/div>\n\t\t\t\t<div class=\"elementor-element elementor-element-a512b07 elementor-widget__width-initial elementor-widget elementor-widget-text-editor\" data-id=\"a512b07\" data-element_type=\"widget\" data-e-type=\"widget\" data-widget_type=\"text-editor.default\">\n\t\t\t\t<div class=\"elementor-widget-container\">\n\t\t\t\t\t\t\t\t\tR\u00e4tsel-Spass mit Sudoku, Bimaru, Buchstabensalat und einem \u00dcberraschungsr\u00e4tsel.\u00a0<br>Einfach herunterladen, ausdrucken und loslegen.\t\t\t\t\t\t\t\t<\/div>\n\t\t\t\t<\/div>\n\t\t\t\t<div class=\"elementor-element elementor-element-2d68918 elementor-align-center elementor-widget elementor-widget-button\" data-id=\"2d68918\" data-element_type=\"widget\" data-e-type=\"widget\" data-widget_type=\"button.default\">\n\t\t\t\t<div class=\"elementor-widget-container\">\n\t\t\t\t\t\t\t\t\t<div class=\"elementor-button-wrapper\">\n\t\t\t\t\t<a class=\"elementor-button elementor-button-link elementor-size-sm\" href=\"https:\/\/fahrtauglich.ch\/wp-content\/uploads\/2024\/11\/Train-My-Brain-Magazin-Band-1.pdf\">\n\t\t\t\t\t\t<span class=\"elementor-button-content-wrapper\">\n\t\t\t\t\t\t\t\t\t<span class=\"elementor-button-text\">Herunterladen<\/span>\n\t\t\t\t\t<\/span>\n\t\t\t\t\t<\/a>\n\t\t\t\t<\/div>\n\t\t\t\t\t\t\t\t<\/div>\n\t\t\t\t<\/div>\n\t\t\t\t\t<\/div>\n\t\t\t\t<\/div>\n\t\t\t\t<\/div>","protected":false},"excerpt":{"rendered":"<p>Train My Brain Magazin \u2013 Band 1<br \/>\nR\u00e4tsel-Spass mit Sudoku, Bimaru, Buchstabensalat und einem \u00dcberraschungsr\u00e4tsel. Einfach herunterladen, ausdrucken und loslegen. <\/p>","protected":false},"author":1,"featured_media":4687,"parent":0,"menu_order":0,"comment_status":"closed","ping_status":"closed","template":"","meta":{"content-type":"","iawp_total_views":487,"footnotes":""},"class_list":["post-4764","page","type-page","status-publish","has-post-thumbnail","hentry"],"yoast_head":"<!-- This site is optimized with the Yoast SEO plugin v27.3 - https:\/\/yoast.com\/product\/yoast-seo-wordpress\/ -->\n<title>Train My Brain Magazin Band 1<\/title>\n<meta name=\"description\" content=\"Train My Brain Magazin Band 1 - Gratis R\u00e4tselheft f\u00fcr unsere Newsletter-Abonennten. Enth\u00e4lt Sukokus, Bimarus, Buchstabensalate.\" \/>\n<meta name=\"robots\" content=\"index, follow, max-snippet:-1, max-image-preview:large, max-video-preview:-1\" \/>\n<link rel=\"canonical\" href=\"https:\/\/fahrtauglich.ch\/fr\/train-my-brain-magazin-band-1\/\" \/>\n<meta property=\"og:locale\" content=\"fr_FR\" \/>\n<meta property=\"og:type\" content=\"article\" \/>\n<meta property=\"og:title\" content=\"Train My Brain Magazin Band 1\" \/>\n<meta property=\"og:description\" content=\"Train My Brain Magazin Band 1 - Gratis R\u00e4tselheft f\u00fcr unsere Newsletter-Abonennten. Enth\u00e4lt Sukokus, Bimarus, Buchstabensalate.\" \/>\n<meta property=\"og:url\" content=\"https:\/\/fahrtauglich.ch\/fr\/train-my-brain-magazin-band-1\/\" \/>\n<meta property=\"og:site_name\" content=\"Fahrtauglich\" \/>\n<meta property=\"article:modified_time\" content=\"2024-11-30T20:38:05+00:00\" \/>\n<meta property=\"og:image\" content=\"https:\/\/fahrtauglich.ch\/wp-content\/uploads\/2024\/11\/mediamodifier_image-e1732380064193.jpeg\" \/>\n\t<meta property=\"og:image:width\" content=\"2100\" \/>\n\t<meta property=\"og:image:height\" content=\"1176\" \/>\n\t<meta property=\"og:image:type\" content=\"image\/jpeg\" \/>\n<meta name=\"twitter:card\" content=\"summary_large_image\" \/>\n<meta name=\"twitter:label1\" content=\"Dur\u00e9e de lecture estim\u00e9e\" \/>\n\t<meta name=\"twitter:data1\" content=\"1 minute\" \/>\n<script type=\"application\/ld+json\" class=\"yoast-schema-graph\">{\"@context\":\"https:\\\/\\\/schema.org\",\"@graph\":[{\"@type\":\"WebPage\",\"@id\":\"https:\\\/\\\/fahrtauglich.ch\\\/train-my-brain-magazin-band-1\\\/\",\"url\":\"https:\\\/\\\/fahrtauglich.ch\\\/train-my-brain-magazin-band-1\\\/\",\"name\":\"Train My Brain Magazin Band 1\",\"isPartOf\":{\"@id\":\"https:\\\/\\\/fahrtauglich.ch\\\/#website\"},\"primaryImageOfPage\":{\"@id\":\"https:\\\/\\\/fahrtauglich.ch\\\/train-my-brain-magazin-band-1\\\/#primaryimage\"},\"image\":{\"@id\":\"https:\\\/\\\/fahrtauglich.ch\\\/train-my-brain-magazin-band-1\\\/#primaryimage\"},\"thumbnailUrl\":\"https:\\\/\\\/fahrtauglich.ch\\\/wp-content\\\/uploads\\\/2024\\\/11\\\/mediamodifier_image-e1732380064193.jpeg\",\"datePublished\":\"2024-11-26T11:41:03+00:00\",\"dateModified\":\"2024-11-30T20:38:05+00:00\",\"description\":\"Train My Brain Magazin Band 1 - Gratis R\u00e4tselheft f\u00fcr unsere Newsletter-Abonennten. Enth\u00e4lt Sukokus, Bimarus, Buchstabensalate.\",\"breadcrumb\":{\"@id\":\"https:\\\/\\\/fahrtauglich.ch\\\/train-my-brain-magazin-band-1\\\/#breadcrumb\"},\"inLanguage\":\"fr-FR\",\"potentialAction\":[{\"@type\":\"ReadAction\",\"target\":[\"https:\\\/\\\/fahrtauglich.ch\\\/train-my-brain-magazin-band-1\\\/\"]}]},{\"@type\":\"ImageObject\",\"inLanguage\":\"fr-FR\",\"@id\":\"https:\\\/\\\/fahrtauglich.ch\\\/train-my-brain-magazin-band-1\\\/#primaryimage\",\"url\":\"https:\\\/\\\/fahrtauglich.ch\\\/wp-content\\\/uploads\\\/2024\\\/11\\\/mediamodifier_image-e1732380064193.jpeg\",\"contentUrl\":\"https:\\\/\\\/fahrtauglich.ch\\\/wp-content\\\/uploads\\\/2024\\\/11\\\/mediamodifier_image-e1732380064193.jpeg\",\"width\":2100,\"height\":1176,\"caption\":\"Train My Brain Magazin Band 1\"},{\"@type\":\"BreadcrumbList\",\"@id\":\"https:\\\/\\\/fahrtauglich.ch\\\/train-my-brain-magazin-band-1\\\/#breadcrumb\",\"itemListElement\":[{\"@type\":\"ListItem\",\"position\":1,\"name\":\"Startseite\",\"item\":\"https:\\\/\\\/fahrtauglich.ch\\\/\"},{\"@type\":\"ListItem\",\"position\":2,\"name\":\"Train My Brain Magazin Band 1\"}]},{\"@type\":\"WebSite\",\"@id\":\"https:\\\/\\\/fahrtauglich.ch\\\/#website\",\"url\":\"https:\\\/\\\/fahrtauglich.ch\\\/\",\"name\":\"Fahrtauglich\",\"description\":\"\",\"publisher\":{\"@id\":\"https:\\\/\\\/fahrtauglich.ch\\\/#organization\"},\"potentialAction\":[{\"@type\":\"SearchAction\",\"target\":{\"@type\":\"EntryPoint\",\"urlTemplate\":\"https:\\\/\\\/fahrtauglich.ch\\\/?s={search_term_string}\"},\"query-input\":{\"@type\":\"PropertyValueSpecification\",\"valueRequired\":true,\"valueName\":\"search_term_string\"}}],\"inLanguage\":\"fr-FR\"},{\"@type\":\"Organization\",\"@id\":\"https:\\\/\\\/fahrtauglich.ch\\\/#organization\",\"name\":\"Fahrtauglich\",\"url\":\"https:\\\/\\\/fahrtauglich.ch\\\/\",\"logo\":{\"@type\":\"ImageObject\",\"inLanguage\":\"fr-FR\",\"@id\":\"https:\\\/\\\/fahrtauglich.ch\\\/#\\\/schema\\\/logo\\\/image\\\/\",\"url\":\"https:\\\/\\\/fahrtauglich.ch\\\/wp-content\\\/uploads\\\/2024\\\/08\\\/cropped-Logo-2.jpg\",\"contentUrl\":\"https:\\\/\\\/fahrtauglich.ch\\\/wp-content\\\/uploads\\\/2024\\\/08\\\/cropped-Logo-2.jpg\",\"width\":307,\"height\":188,\"caption\":\"Fahrtauglich\"},\"image\":{\"@id\":\"https:\\\/\\\/fahrtauglich.ch\\\/#\\\/schema\\\/logo\\\/image\\\/\"}}]}<\/script>\n<!-- \/ Yoast SEO plugin. -->","yoast_head_json":{"title":"Train My Brain Magazin Band 1","description":"Train My Brain Magazin Band 1 - Gratis R\u00e4tselheft f\u00fcr unsere Newsletter-Abonennten. Enth\u00e4lt Sukokus, Bimarus, Buchstabensalate.","robots":{"index":"index","follow":"follow","max-snippet":"max-snippet:-1","max-image-preview":"max-image-preview:large","max-video-preview":"max-video-preview:-1"},"canonical":"https:\/\/fahrtauglich.ch\/fr\/train-my-brain-magazin-band-1\/","og_locale":"fr_FR","og_type":"article","og_title":"Train My Brain Magazin Band 1","og_description":"Train My Brain Magazin Band 1 - Gratis R\u00e4tselheft f\u00fcr unsere Newsletter-Abonennten. Enth\u00e4lt Sukokus, Bimarus, Buchstabensalate.","og_url":"https:\/\/fahrtauglich.ch\/fr\/train-my-brain-magazin-band-1\/","og_site_name":"Fahrtauglich","article_modified_time":"2024-11-30T20:38:05+00:00","og_image":[{"width":2100,"height":1176,"url":"https:\/\/fahrtauglich.ch\/wp-content\/uploads\/2024\/11\/mediamodifier_image-e1732380064193.jpeg","type":"image\/jpeg"}],"twitter_card":"summary_large_image","twitter_misc":{"Dur\u00e9e de lecture estim\u00e9e":"1 minute"},"schema":{"@context":"https:\/\/schema.org","@graph":[{"@type":"WebPage","@id":"https:\/\/fahrtauglich.ch\/train-my-brain-magazin-band-1\/","url":"https:\/\/fahrtauglich.ch\/train-my-brain-magazin-band-1\/","name":"Train My Brain Magazin Band 1","isPartOf":{"@id":"https:\/\/fahrtauglich.ch\/#website"},"primaryImageOfPage":{"@id":"https:\/\/fahrtauglich.ch\/train-my-brain-magazin-band-1\/#primaryimage"},"image":{"@id":"https:\/\/fahrtauglich.ch\/train-my-brain-magazin-band-1\/#primaryimage"},"thumbnailUrl":"https:\/\/fahrtauglich.ch\/wp-content\/uploads\/2024\/11\/mediamodifier_image-e1732380064193.jpeg","datePublished":"2024-11-26T11:41:03+00:00","dateModified":"2024-11-30T20:38:05+00:00","description":"Train My Brain Magazin Band 1 - Gratis R\u00e4tselheft f\u00fcr unsere Newsletter-Abonennten. Enth\u00e4lt Sukokus, Bimarus, Buchstabensalate.","breadcrumb":{"@id":"https:\/\/fahrtauglich.ch\/train-my-brain-magazin-band-1\/#breadcrumb"},"inLanguage":"fr-FR","potentialAction":[{"@type":"ReadAction","target":["https:\/\/fahrtauglich.ch\/train-my-brain-magazin-band-1\/"]}]},{"@type":"ImageObject","inLanguage":"fr-FR","@id":"https:\/\/fahrtauglich.ch\/train-my-brain-magazin-band-1\/#primaryimage","url":"https:\/\/fahrtauglich.ch\/wp-content\/uploads\/2024\/11\/mediamodifier_image-e1732380064193.jpeg","contentUrl":"https:\/\/fahrtauglich.ch\/wp-content\/uploads\/2024\/11\/mediamodifier_image-e1732380064193.jpeg","width":2100,"height":1176,"caption":"Train My Brain Magazin Band 1"},{"@type":"BreadcrumbList","@id":"https:\/\/fahrtauglich.ch\/train-my-brain-magazin-band-1\/#breadcrumb","itemListElement":[{"@type":"ListItem","position":1,"name":"Startseite","item":"https:\/\/fahrtauglich.ch\/"},{"@type":"ListItem","position":2,"name":"Train My Brain Magazin Band 1"}]},{"@type":"WebSite","@id":"https:\/\/fahrtauglich.ch\/#website","url":"https:\/\/fahrtauglich.ch\/","name":"Fahrtauglich","description":"","publisher":{"@id":"https:\/\/fahrtauglich.ch\/#organization"},"potentialAction":[{"@type":"SearchAction","target":{"@type":"EntryPoint","urlTemplate":"https:\/\/fahrtauglich.ch\/?s={search_term_string}"},"query-input":{"@type":"PropertyValueSpecification","valueRequired":true,"valueName":"search_term_string"}}],"inLanguage":"fr-FR"},{"@type":"Organization","@id":"https:\/\/fahrtauglich.ch\/#organization","name":"Fahrtauglich","url":"https:\/\/fahrtauglich.ch\/","logo":{"@type":"ImageObject","inLanguage":"fr-FR","@id":"https:\/\/fahrtauglich.ch\/#\/schema\/logo\/image\/","url":"https:\/\/fahrtauglich.ch\/wp-content\/uploads\/2024\/08\/cropped-Logo-2.jpg","contentUrl":"https:\/\/fahrtauglich.ch\/wp-content\/uploads\/2024\/08\/cropped-Logo-2.jpg","width":307,"height":188,"caption":"Fahrtauglich"},"image":{"@id":"https:\/\/fahrtauglich.ch\/#\/schema\/logo\/image\/"}}]}},"jetpack_sharing_enabled":true,"rttpg_featured_image_url":{"full":["https:\/\/fahrtauglich.ch\/wp-content\/uploads\/2024\/11\/mediamodifier_image-e1732380064193.jpeg",2100,1176,false],"landscape":["https:\/\/fahrtauglich.ch\/wp-content\/uploads\/2024\/11\/mediamodifier_image-e1732380064193.jpeg",2100,1176,false],"portraits":["https:\/\/fahrtauglich.ch\/wp-content\/uploads\/2024\/11\/mediamodifier_image-e1732380064193.jpeg",2100,1176,false],"thumbnail":["https:\/\/fahrtauglich.ch\/wp-content\/uploads\/2024\/11\/mediamodifier_image-e1732380064193-150x150.jpeg",150,150,true],"medium":["https:\/\/fahrtauglich.ch\/wp-content\/uploads\/2024\/11\/mediamodifier_image-e1732380064193-300x168.jpeg",300,168,true],"large":["https:\/\/fahrtauglich.ch\/wp-content\/uploads\/2024\/11\/mediamodifier_image-e1732380064193-1024x573.jpeg",800,448,true],"1536x1536":["https:\/\/fahrtauglich.ch\/wp-content\/uploads\/2024\/11\/mediamodifier_image-e1732380064193-1536x860.jpeg",1536,860,true],"2048x2048":["https:\/\/fahrtauglich.ch\/wp-content\/uploads\/2024\/11\/mediamodifier_image-e1732380064193-2048x1147.jpeg",2048,1147,true],"trp-custom-language-flag":["https:\/\/fahrtauglich.ch\/wp-content\/uploads\/2024\/11\/mediamodifier_image-e1732380064193.jpeg",18,10,false],"woocommerce_thumbnail":["https:\/\/fahrtauglich.ch\/wp-content\/uploads\/2024\/11\/mediamodifier_image-e1732380064193-300x168.jpeg",300,168,true],"woocommerce_single":["https:\/\/fahrtauglich.ch\/wp-content\/uploads\/2024\/11\/mediamodifier_image-e1732380064193-600x336.jpeg",600,336,true],"woocommerce_gallery_thumbnail":["https:\/\/fahrtauglich.ch\/wp-content\/uploads\/2024\/11\/mediamodifier_image-e1732380064193-100x100.jpeg",100,100,true]},"rttpg_author":{"display_name":"fahrtauglich.ch","author_link":"https:\/\/fahrtauglich.ch\/fr\/blog\/author\/mintcream-quetzal-259960-hostingersite-com\/"},"rttpg_comment":0,"rttpg_category":null,"rttpg_excerpt":"Train My Brain Magazin \u2013 Band 1 R\u00e4tsel-Spass mit Sudoku, Bimaru, Buchstabensalat und einem \u00dcberraschungsr\u00e4tsel. Einfach herunterladen, ausdrucken und loslegen.","_links":{"self":[{"href":"https:\/\/fahrtauglich.ch\/fr\/wp-json\/wp\/v2\/pages\/4764","targetHints":{"allow":["GET"]}}],"collection":[{"href":"https:\/\/fahrtauglich.ch\/fr\/wp-json\/wp\/v2\/pages"}],"about":[{"href":"https:\/\/fahrtauglich.ch\/fr\/wp-json\/wp\/v2\/types\/page"}],"author":[{"embeddable":true,"href":"https:\/\/fahrtauglich.ch\/fr\/wp-json\/wp\/v2\/users\/1"}],"replies":[{"embeddable":true,"href":"https:\/\/fahrtauglich.ch\/fr\/wp-json\/wp\/v2\/comments?post=4764"}],"version-history":[{"count":28,"href":"https:\/\/fahrtauglich.ch\/fr\/wp-json\/wp\/v2\/pages\/4764\/revisions"}],"predecessor-version":[{"id":4805,"href":"https:\/\/fahrtauglich.ch\/fr\/wp-json\/wp\/v2\/pages\/4764\/revisions\/4805"}],"wp:featuredmedia":[{"embeddable":true,"href":"https:\/\/fahrtauglich.ch\/fr\/wp-json\/wp\/v2\/media\/4687"}],"wp:attachment":[{"href":"https:\/\/fahrtauglich.ch\/fr\/wp-json\/wp\/v2\/media?parent=4764"}],"curies":[{"name":"wp","href":"https:\/\/api.w.org\/{rel}","templated":true}]}}